{"id":47,"date":"2017-03-21T12:23:42","date_gmt":"2017-03-21T11:23:42","guid":{"rendered":"https:\/\/www.turnerschaft-cimbria.de\/?page_id=47"},"modified":"2025-01-08T14:27:04","modified_gmt":"2025-01-08T13:27:04","slug":"wir-ueber-uns","status":"publish","type":"page","link":"https:\/\/www.turnerschaft-cimbria.de\/index.php\/wir-ueber-uns\/","title":{"rendered":"Wir \u00fcber uns"},"content":{"rendered":"<p>Turnerschaft Cimbria Greifswald<\/p>\n<p><img loading=\"lazy\" decoding=\"async\" class=\"alignnone wp-image-1026 size-large\" src=\"https:\/\/www.turnerschaft-cimbria.de\/wp-content\/uploads\/2025\/01\/WhatsApp-Bild-2025-01-08-um-14.23.34_cd33beec-1024x768.jpg\" alt=\"\" width=\"525\" height=\"394\" srcset=\"https:\/\/www.turnerschaft-cimbria.de\/wp-content\/uploads\/2025\/01\/WhatsApp-Bild-2025-01-08-um-14.23.34_cd33beec-1024x768.jpg 1024w, https:\/\/www.turnerschaft-cimbria.de\/wp-content\/uploads\/2025\/01\/WhatsApp-Bild-2025-01-08-um-14.23.34_cd33beec-300x225.jpg 300w, https:\/\/www.turnerschaft-cimbria.de\/wp-content\/uploads\/2025\/01\/WhatsApp-Bild-2025-01-08-um-14.23.34_cd33beec-768x576.jpg 768w, https:\/\/www.turnerschaft-cimbria.de\/wp-content\/uploads\/2025\/01\/WhatsApp-Bild-2025-01-08-um-14.23.34_cd33beec.jpg 1280w\" sizes=\"auto, (max-width: 525px) 100vw, 525px\" \/><\/p>\n<p><span style=\"font-family: tahoma, arial, helvetica, sans-serif; font-size: 10pt;\">Das Studium ist die sch\u00f6nste Zeit im Leben und es liegt bei dir, wie du in diesen Jahren deine Weichen stellst.<\/span><\/p>\n<p><span style=\"font-family: tahoma, arial, helvetica, sans-serif; font-size: 10pt;\">Seit 1883 haben sich hunderte junger Studenten f\u00fcr die Turnerschaft Cimbria entschieden &#8211; f\u00fcr ein selbstbestimmtes Leben. Sie haben f\u00fcr sich und andere Verantwortung \u00fcbernommen.<\/span><\/p>\n<p><span style=\"font-family: tahoma, arial, helvetica, sans-serif; font-size: 10pt;\">Wir leben den Zusammenhalt untereinander, die Freundschaft miteinander, die akademische Tradition und nat\u00fcrlich den Wassersport mit unserem eigenen <a href=\"https:\/\/www.turnerschaft-cimbria.de\/index.php\/segeln-mit-cimbria\/\">Segelboot<\/a>. <\/span><\/p>\n<p><span style=\"font-family: tahoma, arial, helvetica, sans-serif; font-size: 10pt;\">Wir sind stolz auf unsere lange Verbundenheit mit der Universit\u00e4t Greifswald und unseren vielen Mitgliedern aller Fakult\u00e4ten.<\/span><\/p>\n<p><span style=\"font-family: tahoma, arial, helvetica, sans-serif; font-size: 10pt;\">Deine Stadt. Deine Erfahrung. Deine Turnerschaft.<\/span><\/p>\n","protected":false},"excerpt":{"rendered":"<p>Turnerschaft Cimbria Greifswald Das Studium ist die sch\u00f6nste Zeit im Leben und es liegt bei dir, wie du in diesen Jahren deine Weichen stellst. Seit 1883 haben sich hunderte junger Studenten f\u00fcr die Turnerschaft Cimbria entschieden &#8211; f\u00fcr ein selbstbestimmtes Leben. Sie haben f\u00fcr sich und andere Verantwortung \u00fcbernommen. Wir leben den Zusammenhalt untereinander, die &hellip; <\/p>\n<p class=\"link-more\"><a href=\"https:\/\/www.turnerschaft-cimbria.de\/index.php\/wir-ueber-uns\/\" class=\"more-link\"><span class=\"screen-reader-text\">\u201eWir \u00fcber uns\u201c<\/span> weiterlesen<\/a><\/p>\n","protected":false},"author":1,"featured_media":0,"parent":0,"menu_order":0,"comment_status":"closed","ping_status":"closed","template":"","meta":{"footnotes":""},"class_list":["post-47","page","type-page","status-publish","hentry"],"yoast_head":"<!-- This site is optimized with the Yoast SEO plugin v26.8 - https:\/\/yoast.com\/product\/yoast-seo-wordpress\/ -->\n<title>Wir \u00fcber uns - Turnerschaft Cimbria<\/title>\n<meta name=\"description\" content=\"Turnerschaft Cimbria Greifwald - Studentenverbindung an der Universit\u00e4t Greifswald seit 1883\" \/>\n<meta name=\"robots\" content=\"index, follow, max-snippet:-1, max-image-preview:large, max-video-preview:-1\" \/>\n<link rel=\"canonical\" href=\"https:\/\/www.turnerschaft-cimbria.de\/index.php\/wir-ueber-uns\/\" \/>\n<meta property=\"og:locale\" content=\"de_DE\" \/>\n<meta property=\"og:type\" content=\"article\" \/>\n<meta property=\"og:title\" content=\"Wir \u00fcber uns - Turnerschaft Cimbria\" \/>\n<meta property=\"og:description\" content=\"Turnerschaft Cimbria Greifwald - Studentenverbindung an der Universit\u00e4t Greifswald seit 1883\" \/>\n<meta property=\"og:url\" content=\"https:\/\/www.turnerschaft-cimbria.de\/index.php\/wir-ueber-uns\/\" \/>\n<meta property=\"og:site_name\" content=\"Turnerschaft Cimbria\" \/>\n<meta property=\"article:publisher\" content=\"https:\/\/www.facebook.com\/CimbriaGryps\/\" \/>\n<meta property=\"article:modified_time\" content=\"2025-01-08T13:27:04+00:00\" \/>\n<meta property=\"og:image\" content=\"https:\/\/www.turnerschaft-cimbria.de\/wp-content\/uploads\/2025\/01\/WhatsApp-Bild-2025-01-08-um-14.23.34_cd33beec.jpg\" \/>\n\t<meta property=\"og:image:width\" content=\"1280\" \/>\n\t<meta property=\"og:image:height\" content=\"960\" \/>\n\t<meta property=\"og:image:type\" content=\"image\/jpeg\" \/>\n<meta name=\"twitter:card\" content=\"summary_large_image\" \/>\n<meta name=\"twitter:label1\" content=\"Gesch\u00e4tzte Lesezeit\" \/>\n\t<meta name=\"twitter:data1\" content=\"1\u00a0Minute\" \/>\n<script type=\"application\/ld+json\" class=\"yoast-schema-graph\">{\"@context\":\"https:\/\/schema.org\",\"@graph\":[{\"@type\":\"WebPage\",\"@id\":\"https:\/\/www.turnerschaft-cimbria.de\/index.php\/wir-ueber-uns\/\",\"url\":\"https:\/\/www.turnerschaft-cimbria.de\/index.php\/wir-ueber-uns\/\",\"name\":\"Wir \u00fcber uns - Turnerschaft Cimbria\",\"isPartOf\":{\"@id\":\"https:\/\/www.turnerschaft-cimbria.de\/#website\"},\"primaryImageOfPage\":{\"@id\":\"https:\/\/www.turnerschaft-cimbria.de\/index.php\/wir-ueber-uns\/#primaryimage\"},\"image\":{\"@id\":\"https:\/\/www.turnerschaft-cimbria.de\/index.php\/wir-ueber-uns\/#primaryimage\"},\"thumbnailUrl\":\"https:\/\/www.turnerschaft-cimbria.de\/wp-content\/uploads\/2025\/01\/WhatsApp-Bild-2025-01-08-um-14.23.34_cd33beec-1024x768.jpg\",\"datePublished\":\"2017-03-21T11:23:42+00:00\",\"dateModified\":\"2025-01-08T13:27:04+00:00\",\"description\":\"Turnerschaft Cimbria Greifwald - Studentenverbindung an der Universit\u00e4t Greifswald seit 1883\",\"breadcrumb\":{\"@id\":\"https:\/\/www.turnerschaft-cimbria.de\/index.php\/wir-ueber-uns\/#breadcrumb\"},\"inLanguage\":\"de\",\"potentialAction\":[{\"@type\":\"ReadAction\",\"target\":[\"https:\/\/www.turnerschaft-cimbria.de\/index.php\/wir-ueber-uns\/\"]}]},{\"@type\":\"ImageObject\",\"inLanguage\":\"de\",\"@id\":\"https:\/\/www.turnerschaft-cimbria.de\/index.php\/wir-ueber-uns\/#primaryimage\",\"url\":\"https:\/\/www.turnerschaft-cimbria.de\/wp-content\/uploads\/2025\/01\/WhatsApp-Bild-2025-01-08-um-14.23.34_cd33beec.jpg\",\"contentUrl\":\"https:\/\/www.turnerschaft-cimbria.de\/wp-content\/uploads\/2025\/01\/WhatsApp-Bild-2025-01-08-um-14.23.34_cd33beec.jpg\",\"width\":1280,\"height\":960},{\"@type\":\"BreadcrumbList\",\"@id\":\"https:\/\/www.turnerschaft-cimbria.de\/index.php\/wir-ueber-uns\/#breadcrumb\",\"itemListElement\":[{\"@type\":\"ListItem\",\"position\":1,\"name\":\"Startseite\",\"item\":\"https:\/\/www.turnerschaft-cimbria.de\/\"},{\"@type\":\"ListItem\",\"position\":2,\"name\":\"Wir \u00fcber uns\"}]},{\"@type\":\"WebSite\",\"@id\":\"https:\/\/www.turnerschaft-cimbria.de\/#website\",\"url\":\"https:\/\/www.turnerschaft-cimbria.de\/\",\"name\":\"Turnerschaft Cimbria Greifswald\",\"description\":\"an der Universit\u00e4t Greifswald seit 1883\",\"potentialAction\":[{\"@type\":\"SearchAction\",\"target\":{\"@type\":\"EntryPoint\",\"urlTemplate\":\"https:\/\/www.turnerschaft-cimbria.de\/?s={search_term_string}\"},\"query-input\":{\"@type\":\"PropertyValueSpecification\",\"valueRequired\":true,\"valueName\":\"search_term_string\"}}],\"inLanguage\":\"de\"}]}<\/script>\n<!-- \/ Yoast SEO plugin. -->","yoast_head_json":{"title":"Wir \u00fcber uns - Turnerschaft Cimbria","description":"Turnerschaft Cimbria Greifwald - Studentenverbindung an der Universit\u00e4t Greifswald seit 1883","robots":{"index":"index","follow":"follow","max-snippet":"max-snippet:-1","max-image-preview":"max-image-preview:large","max-video-preview":"max-video-preview:-1"},"canonical":"https:\/\/www.turnerschaft-cimbria.de\/index.php\/wir-ueber-uns\/","og_locale":"de_DE","og_type":"article","og_title":"Wir \u00fcber uns - Turnerschaft Cimbria","og_description":"Turnerschaft Cimbria Greifwald - Studentenverbindung an der Universit\u00e4t Greifswald seit 1883","og_url":"https:\/\/www.turnerschaft-cimbria.de\/index.php\/wir-ueber-uns\/","og_site_name":"Turnerschaft Cimbria","article_publisher":"https:\/\/www.facebook.com\/CimbriaGryps\/","article_modified_time":"2025-01-08T13:27:04+00:00","og_image":[{"width":1280,"height":960,"url":"https:\/\/www.turnerschaft-cimbria.de\/wp-content\/uploads\/2025\/01\/WhatsApp-Bild-2025-01-08-um-14.23.34_cd33beec.jpg","type":"image\/jpeg"}],"twitter_card":"summary_large_image","twitter_misc":{"Gesch\u00e4tzte Lesezeit":"1\u00a0Minute"},"schema":{"@context":"https:\/\/schema.org","@graph":[{"@type":"WebPage","@id":"https:\/\/www.turnerschaft-cimbria.de\/index.php\/wir-ueber-uns\/","url":"https:\/\/www.turnerschaft-cimbria.de\/index.php\/wir-ueber-uns\/","name":"Wir \u00fcber uns - Turnerschaft Cimbria","isPartOf":{"@id":"https:\/\/www.turnerschaft-cimbria.de\/#website"},"primaryImageOfPage":{"@id":"https:\/\/www.turnerschaft-cimbria.de\/index.php\/wir-ueber-uns\/#primaryimage"},"image":{"@id":"https:\/\/www.turnerschaft-cimbria.de\/index.php\/wir-ueber-uns\/#primaryimage"},"thumbnailUrl":"https:\/\/www.turnerschaft-cimbria.de\/wp-content\/uploads\/2025\/01\/WhatsApp-Bild-2025-01-08-um-14.23.34_cd33beec-1024x768.jpg","datePublished":"2017-03-21T11:23:42+00:00","dateModified":"2025-01-08T13:27:04+00:00","description":"Turnerschaft Cimbria Greifwald - Studentenverbindung an der Universit\u00e4t Greifswald seit 1883","breadcrumb":{"@id":"https:\/\/www.turnerschaft-cimbria.de\/index.php\/wir-ueber-uns\/#breadcrumb"},"inLanguage":"de","potentialAction":[{"@type":"ReadAction","target":["https:\/\/www.turnerschaft-cimbria.de\/index.php\/wir-ueber-uns\/"]}]},{"@type":"ImageObject","inLanguage":"de","@id":"https:\/\/www.turnerschaft-cimbria.de\/index.php\/wir-ueber-uns\/#primaryimage","url":"https:\/\/www.turnerschaft-cimbria.de\/wp-content\/uploads\/2025\/01\/WhatsApp-Bild-2025-01-08-um-14.23.34_cd33beec.jpg","contentUrl":"https:\/\/www.turnerschaft-cimbria.de\/wp-content\/uploads\/2025\/01\/WhatsApp-Bild-2025-01-08-um-14.23.34_cd33beec.jpg","width":1280,"height":960},{"@type":"BreadcrumbList","@id":"https:\/\/www.turnerschaft-cimbria.de\/index.php\/wir-ueber-uns\/#breadcrumb","itemListElement":[{"@type":"ListItem","position":1,"name":"Startseite","item":"https:\/\/www.turnerschaft-cimbria.de\/"},{"@type":"ListItem","position":2,"name":"Wir \u00fcber uns"}]},{"@type":"WebSite","@id":"https:\/\/www.turnerschaft-cimbria.de\/#website","url":"https:\/\/www.turnerschaft-cimbria.de\/","name":"Turnerschaft Cimbria Greifswald","description":"an der Universit\u00e4t Greifswald seit 1883","potentialAction":[{"@type":"SearchAction","target":{"@type":"EntryPoint","urlTemplate":"https:\/\/www.turnerschaft-cimbria.de\/?s={search_term_string}"},"query-input":{"@type":"PropertyValueSpecification","valueRequired":true,"valueName":"search_term_string"}}],"inLanguage":"de"}]}},"_links":{"self":[{"href":"https:\/\/www.turnerschaft-cimbria.de\/index.php\/wp-json\/wp\/v2\/pages\/47","targetHints":{"allow":["GET"]}}],"collection":[{"href":"https:\/\/www.turnerschaft-cimbria.de\/index.php\/wp-json\/wp\/v2\/pages"}],"about":[{"href":"https:\/\/www.turnerschaft-cimbria.de\/index.php\/wp-json\/wp\/v2\/types\/page"}],"author":[{"embeddable":true,"href":"https:\/\/www.turnerschaft-cimbria.de\/index.php\/wp-json\/wp\/v2\/users\/1"}],"replies":[{"embeddable":true,"href":"https:\/\/www.turnerschaft-cimbria.de\/index.php\/wp-json\/wp\/v2\/comments?post=47"}],"version-history":[{"count":36,"href":"https:\/\/www.turnerschaft-cimbria.de\/index.php\/wp-json\/wp\/v2\/pages\/47\/revisions"}],"predecessor-version":[{"id":1028,"href":"https:\/\/www.turnerschaft-cimbria.de\/index.php\/wp-json\/wp\/v2\/pages\/47\/revisions\/1028"}],"wp:attachment":[{"href":"https:\/\/www.turnerschaft-cimbria.de\/index.php\/wp-json\/wp\/v2\/media?parent=47"}],"curies":[{"name":"wp","href":"https:\/\/api.w.org\/{rel}","templated":true}]}}