{"id":158,"date":"2017-04-20T19:48:00","date_gmt":"2017-04-20T17:48:00","guid":{"rendered":"https:\/\/www.turnerschaft-cimbria.de\/?page_id=158"},"modified":"2025-01-08T15:47:50","modified_gmt":"2025-01-08T14:47:50","slug":"unser-haus","status":"publish","type":"page","link":"https:\/\/www.turnerschaft-cimbria.de\/index.php\/unser-haus\/","title":{"rendered":"Unser Haus"},"content":{"rendered":"<p>Unser Verbindungshaus im Herzen von <a href=\"https:\/\/de.wikipedia.org\/wiki\/Greifswald\" target=\"_blank\" rel=\"noopener noreferrer\">Greifswald<\/a>.<\/p>\n<figure id=\"attachment_1067\" aria-describedby=\"caption-attachment-1067\" style=\"width: 525px\" class=\"wp-caption alignnone\"><img loading=\"lazy\" decoding=\"async\" class=\"wp-image-1067 size-large\" src=\"https:\/\/www.turnerschaft-cimbria.de\/wp-content\/uploads\/2025\/01\/WhatsApp-Bild-2025-01-08-um-15.45.45_1bb38cdf-871x1024.jpg\" alt=\"Haus der Turnerschaft Cimbria Greifswald\" width=\"525\" height=\"617\" srcset=\"https:\/\/www.turnerschaft-cimbria.de\/wp-content\/uploads\/2025\/01\/WhatsApp-Bild-2025-01-08-um-15.45.45_1bb38cdf-871x1024.jpg 871w, https:\/\/www.turnerschaft-cimbria.de\/wp-content\/uploads\/2025\/01\/WhatsApp-Bild-2025-01-08-um-15.45.45_1bb38cdf-255x300.jpg 255w, https:\/\/www.turnerschaft-cimbria.de\/wp-content\/uploads\/2025\/01\/WhatsApp-Bild-2025-01-08-um-15.45.45_1bb38cdf-768x903.jpg 768w, https:\/\/www.turnerschaft-cimbria.de\/wp-content\/uploads\/2025\/01\/WhatsApp-Bild-2025-01-08-um-15.45.45_1bb38cdf.jpg 1170w\" sizes=\"auto, (max-width: 525px) 100vw, 525px\" \/><figcaption id=\"caption-attachment-1067\" class=\"wp-caption-text\">Haus der Turnerschaft Cimbria Greifswald<\/figcaption><\/figure>\n<p><span style=\"font-family: tahoma, arial, helvetica, sans-serif; font-size: 10pt;\">Gerade einmal 500 Meter Fu\u00dfweg vom <a href=\"https:\/\/www.uni-greifswald.de\/universitaet\/information\/universitaet-greifswald-im-profil\/kurzprofil\/\" target=\"_blank\" rel=\"noopener noreferrer\">Universit\u00e4tshauptgeb\u00e4ude<\/a> entfernt, befindet sich unser beschauliches Verbindungshaus in der Greifswalder Fleischervorstadt. Es bietet allen Komfort, der ein Studentenherz h\u00f6her schlagen l\u00e4sst. Von modernen, hellen Wohnungen mit eigenem Bad und K\u00fcche, bis zu gem\u00fctlichen Gemeinschaftsr\u00e4umen im Erdgeschoss mit Bar und Kneipsaal.<\/span><\/p>\n<p><span style=\"font-family: tahoma, arial, helvetica, sans-serif; font-size: 10pt;\">Im Sommer l\u00e4sst sich zudem der Garten des Hauses hervorragend nutzen, um sich ein wenig vom <a href=\"https:\/\/de.wikipedia.org\/wiki\/Universit%C3%A4t_Greifswald\" target=\"_blank\" rel=\"noopener noreferrer\">Uni<\/a>-Alltag zu erholen. Hier stehen Kraftraum, Grill, Tischtennisplatte und ab und an ein kleiner Pool zur freien Verf\u00fcgung. Und wenn einen auch das nicht mehr auf dem Haus bzw. in der Stadt halten kann, liegt <a href=\"https:\/\/www.turnerschaft-cimbria.de\/index.php\/segeln\/\">unser Segelboot<\/a> nur 15 min Fu\u00dfweg entfernt abfahrbereit, um vollends alle Greifswalder Vorz\u00fcge genie\u00dfen und nutzen zu k\u00f6nnen.<br \/><\/span><\/p>\n<p><span style=\"font-family: tahoma, arial, helvetica, sans-serif; font-size: 10pt;\">Sollte dein Interesse geweckt sein, nimm gerne <a href=\"https:\/\/www.turnerschaft-cimbria.de\/index.php\/kontakt\/\"><strong>Kontakt<\/strong><\/a> zu uns auf oder schau bei einer unserer <strong><a href=\"https:\/\/www.turnerschaft-cimbria.de\/index.php\/semsterprogramm\/\">Veranstaltungen<\/a> <\/strong>vorbei! <\/span><\/p>\n<p><iframe loading=\"lazy\" style=\"border: 0;\" src=\"https:\/\/www.google.com\/maps\/embed?pb=!1m14!1m8!1m3!1d4680.087023192249!2d13.3771105!3d54.0907039!3m2!1i1024!2i768!4f13.1!3m3!1m2!1s0x47ab74fb4120dc2f%3A0x63bc3a8cf9dc2e3e!2sTurnerschaft+Cimbria+zu+Greifswald!5e0!3m2!1sde!2sde!4v1492720153240\" width=\"1000\" height=\"450\" frameborder=\"0\" allowfullscreen=\"allowfullscreen\"><\/iframe><\/p>\n\n\n<p><\/p>\n","protected":false},"excerpt":{"rendered":"<p>Unser Verbindungshaus im Herzen von Greifswald. Gerade einmal 500 Meter Fu\u00dfweg vom Universit\u00e4tshauptgeb\u00e4ude entfernt, befindet sich unser beschauliches Verbindungshaus in der Greifswalder Fleischervorstadt. Es bietet allen Komfort, der ein Studentenherz h\u00f6her schlagen l\u00e4sst. Von modernen, hellen Wohnungen mit eigenem Bad und K\u00fcche, bis zu gem\u00fctlichen Gemeinschaftsr\u00e4umen im Erdgeschoss mit Bar und Kneipsaal. Im Sommer l\u00e4sst &hellip; <\/p>\n<p class=\"link-more\"><a href=\"https:\/\/www.turnerschaft-cimbria.de\/index.php\/unser-haus\/\" class=\"more-link\"><span class=\"screen-reader-text\">\u201eUnser Haus\u201c<\/span> weiterlesen<\/a><\/p>\n","protected":false},"author":1,"featured_media":0,"parent":0,"menu_order":0,"comment_status":"closed","ping_status":"closed","template":"","meta":{"footnotes":""},"class_list":["post-158","page","type-page","status-publish","hentry"],"yoast_head":"<!-- This site is optimized with the Yoast SEO plugin v26.8 - https:\/\/yoast.com\/product\/yoast-seo-wordpress\/ -->\n<title>Unser Haus - Turnerschaft Cimbria<\/title>\n<meta name=\"description\" content=\"Das Haus der Turnerschaft Cimbria Greifswald\" \/>\n<meta name=\"robots\" content=\"index, follow, max-snippet:-1, max-image-preview:large, max-video-preview:-1\" \/>\n<link rel=\"canonical\" href=\"https:\/\/www.turnerschaft-cimbria.de\/index.php\/unser-haus\/\" \/>\n<meta property=\"og:locale\" content=\"de_DE\" \/>\n<meta property=\"og:type\" content=\"article\" \/>\n<meta property=\"og:title\" content=\"Unser Haus - Turnerschaft Cimbria\" \/>\n<meta property=\"og:description\" content=\"Das Haus der Turnerschaft Cimbria Greifswald\" \/>\n<meta property=\"og:url\" content=\"https:\/\/www.turnerschaft-cimbria.de\/index.php\/unser-haus\/\" \/>\n<meta property=\"og:site_name\" content=\"Turnerschaft Cimbria\" \/>\n<meta property=\"article:publisher\" content=\"https:\/\/www.facebook.com\/CimbriaGryps\/\" \/>\n<meta property=\"article:modified_time\" content=\"2025-01-08T14:47:50+00:00\" \/>\n<meta property=\"og:image\" content=\"https:\/\/www.turnerschaft-cimbria.de\/wp-content\/uploads\/2025\/01\/WhatsApp-Bild-2025-01-08-um-15.45.45_1bb38cdf.jpg\" \/>\n\t<meta property=\"og:image:width\" content=\"1170\" \/>\n\t<meta property=\"og:image:height\" content=\"1376\" \/>\n\t<meta property=\"og:image:type\" content=\"image\/jpeg\" \/>\n<meta name=\"twitter:card\" content=\"summary_large_image\" \/>\n<meta name=\"twitter:label1\" content=\"Gesch\u00e4tzte Lesezeit\" \/>\n\t<meta name=\"twitter:data1\" content=\"2\u00a0Minuten\" \/>\n<script type=\"application\/ld+json\" class=\"yoast-schema-graph\">{\"@context\":\"https:\/\/schema.org\",\"@graph\":[{\"@type\":\"WebPage\",\"@id\":\"https:\/\/www.turnerschaft-cimbria.de\/index.php\/unser-haus\/\",\"url\":\"https:\/\/www.turnerschaft-cimbria.de\/index.php\/unser-haus\/\",\"name\":\"Unser Haus - Turnerschaft Cimbria\",\"isPartOf\":{\"@id\":\"https:\/\/www.turnerschaft-cimbria.de\/#website\"},\"primaryImageOfPage\":{\"@id\":\"https:\/\/www.turnerschaft-cimbria.de\/index.php\/unser-haus\/#primaryimage\"},\"image\":{\"@id\":\"https:\/\/www.turnerschaft-cimbria.de\/index.php\/unser-haus\/#primaryimage\"},\"thumbnailUrl\":\"https:\/\/www.turnerschaft-cimbria.de\/wp-content\/uploads\/2025\/01\/WhatsApp-Bild-2025-01-08-um-15.45.45_1bb38cdf-871x1024.jpg\",\"datePublished\":\"2017-04-20T17:48:00+00:00\",\"dateModified\":\"2025-01-08T14:47:50+00:00\",\"description\":\"Das Haus der Turnerschaft Cimbria Greifswald\",\"breadcrumb\":{\"@id\":\"https:\/\/www.turnerschaft-cimbria.de\/index.php\/unser-haus\/#breadcrumb\"},\"inLanguage\":\"de\",\"potentialAction\":[{\"@type\":\"ReadAction\",\"target\":[\"https:\/\/www.turnerschaft-cimbria.de\/index.php\/unser-haus\/\"]}]},{\"@type\":\"ImageObject\",\"inLanguage\":\"de\",\"@id\":\"https:\/\/www.turnerschaft-cimbria.de\/index.php\/unser-haus\/#primaryimage\",\"url\":\"https:\/\/www.turnerschaft-cimbria.de\/wp-content\/uploads\/2025\/01\/WhatsApp-Bild-2025-01-08-um-15.45.45_1bb38cdf.jpg\",\"contentUrl\":\"https:\/\/www.turnerschaft-cimbria.de\/wp-content\/uploads\/2025\/01\/WhatsApp-Bild-2025-01-08-um-15.45.45_1bb38cdf.jpg\",\"width\":1170,\"height\":1376,\"caption\":\"Haus der Turnerschaft Cimbria Greifswald\"},{\"@type\":\"BreadcrumbList\",\"@id\":\"https:\/\/www.turnerschaft-cimbria.de\/index.php\/unser-haus\/#breadcrumb\",\"itemListElement\":[{\"@type\":\"ListItem\",\"position\":1,\"name\":\"Startseite\",\"item\":\"https:\/\/www.turnerschaft-cimbria.de\/\"},{\"@type\":\"ListItem\",\"position\":2,\"name\":\"Unser Haus\"}]},{\"@type\":\"WebSite\",\"@id\":\"https:\/\/www.turnerschaft-cimbria.de\/#website\",\"url\":\"https:\/\/www.turnerschaft-cimbria.de\/\",\"name\":\"Turnerschaft Cimbria Greifswald\",\"description\":\"an der Universit\u00e4t Greifswald seit 1883\",\"potentialAction\":[{\"@type\":\"SearchAction\",\"target\":{\"@type\":\"EntryPoint\",\"urlTemplate\":\"https:\/\/www.turnerschaft-cimbria.de\/?s={search_term_string}\"},\"query-input\":{\"@type\":\"PropertyValueSpecification\",\"valueRequired\":true,\"valueName\":\"search_term_string\"}}],\"inLanguage\":\"de\"}]}<\/script>\n<!-- \/ Yoast SEO plugin. -->","yoast_head_json":{"title":"Unser Haus - Turnerschaft Cimbria","description":"Das Haus der Turnerschaft Cimbria Greifswald","robots":{"index":"index","follow":"follow","max-snippet":"max-snippet:-1","max-image-preview":"max-image-preview:large","max-video-preview":"max-video-preview:-1"},"canonical":"https:\/\/www.turnerschaft-cimbria.de\/index.php\/unser-haus\/","og_locale":"de_DE","og_type":"article","og_title":"Unser Haus - Turnerschaft Cimbria","og_description":"Das Haus der Turnerschaft Cimbria Greifswald","og_url":"https:\/\/www.turnerschaft-cimbria.de\/index.php\/unser-haus\/","og_site_name":"Turnerschaft Cimbria","article_publisher":"https:\/\/www.facebook.com\/CimbriaGryps\/","article_modified_time":"2025-01-08T14:47:50+00:00","og_image":[{"width":1170,"height":1376,"url":"https:\/\/www.turnerschaft-cimbria.de\/wp-content\/uploads\/2025\/01\/WhatsApp-Bild-2025-01-08-um-15.45.45_1bb38cdf.jpg","type":"image\/jpeg"}],"twitter_card":"summary_large_image","twitter_misc":{"Gesch\u00e4tzte Lesezeit":"2\u00a0Minuten"},"schema":{"@context":"https:\/\/schema.org","@graph":[{"@type":"WebPage","@id":"https:\/\/www.turnerschaft-cimbria.de\/index.php\/unser-haus\/","url":"https:\/\/www.turnerschaft-cimbria.de\/index.php\/unser-haus\/","name":"Unser Haus - Turnerschaft Cimbria","isPartOf":{"@id":"https:\/\/www.turnerschaft-cimbria.de\/#website"},"primaryImageOfPage":{"@id":"https:\/\/www.turnerschaft-cimbria.de\/index.php\/unser-haus\/#primaryimage"},"image":{"@id":"https:\/\/www.turnerschaft-cimbria.de\/index.php\/unser-haus\/#primaryimage"},"thumbnailUrl":"https:\/\/www.turnerschaft-cimbria.de\/wp-content\/uploads\/2025\/01\/WhatsApp-Bild-2025-01-08-um-15.45.45_1bb38cdf-871x1024.jpg","datePublished":"2017-04-20T17:48:00+00:00","dateModified":"2025-01-08T14:47:50+00:00","description":"Das Haus der Turnerschaft Cimbria Greifswald","breadcrumb":{"@id":"https:\/\/www.turnerschaft-cimbria.de\/index.php\/unser-haus\/#breadcrumb"},"inLanguage":"de","potentialAction":[{"@type":"ReadAction","target":["https:\/\/www.turnerschaft-cimbria.de\/index.php\/unser-haus\/"]}]},{"@type":"ImageObject","inLanguage":"de","@id":"https:\/\/www.turnerschaft-cimbria.de\/index.php\/unser-haus\/#primaryimage","url":"https:\/\/www.turnerschaft-cimbria.de\/wp-content\/uploads\/2025\/01\/WhatsApp-Bild-2025-01-08-um-15.45.45_1bb38cdf.jpg","contentUrl":"https:\/\/www.turnerschaft-cimbria.de\/wp-content\/uploads\/2025\/01\/WhatsApp-Bild-2025-01-08-um-15.45.45_1bb38cdf.jpg","width":1170,"height":1376,"caption":"Haus der Turnerschaft Cimbria Greifswald"},{"@type":"BreadcrumbList","@id":"https:\/\/www.turnerschaft-cimbria.de\/index.php\/unser-haus\/#breadcrumb","itemListElement":[{"@type":"ListItem","position":1,"name":"Startseite","item":"https:\/\/www.turnerschaft-cimbria.de\/"},{"@type":"ListItem","position":2,"name":"Unser Haus"}]},{"@type":"WebSite","@id":"https:\/\/www.turnerschaft-cimbria.de\/#website","url":"https:\/\/www.turnerschaft-cimbria.de\/","name":"Turnerschaft Cimbria Greifswald","description":"an der Universit\u00e4t Greifswald seit 1883","potentialAction":[{"@type":"SearchAction","target":{"@type":"EntryPoint","urlTemplate":"https:\/\/www.turnerschaft-cimbria.de\/?s={search_term_string}"},"query-input":{"@type":"PropertyValueSpecification","valueRequired":true,"valueName":"search_term_string"}}],"inLanguage":"de"}]}},"_links":{"self":[{"href":"https:\/\/www.turnerschaft-cimbria.de\/index.php\/wp-json\/wp\/v2\/pages\/158","targetHints":{"allow":["GET"]}}],"collection":[{"href":"https:\/\/www.turnerschaft-cimbria.de\/index.php\/wp-json\/wp\/v2\/pages"}],"about":[{"href":"https:\/\/www.turnerschaft-cimbria.de\/index.php\/wp-json\/wp\/v2\/types\/page"}],"author":[{"embeddable":true,"href":"https:\/\/www.turnerschaft-cimbria.de\/index.php\/wp-json\/wp\/v2\/users\/1"}],"replies":[{"embeddable":true,"href":"https:\/\/www.turnerschaft-cimbria.de\/index.php\/wp-json\/wp\/v2\/comments?post=158"}],"version-history":[{"count":25,"href":"https:\/\/www.turnerschaft-cimbria.de\/index.php\/wp-json\/wp\/v2\/pages\/158\/revisions"}],"predecessor-version":[{"id":1069,"href":"https:\/\/www.turnerschaft-cimbria.de\/index.php\/wp-json\/wp\/v2\/pages\/158\/revisions\/1069"}],"wp:attachment":[{"href":"https:\/\/www.turnerschaft-cimbria.de\/index.php\/wp-json\/wp\/v2\/media?parent=158"}],"curies":[{"name":"wp","href":"https:\/\/api.w.org\/{rel}","templated":true}]}}